{"id":779,"date":"2017-02-20T16:23:40","date_gmt":"2017-02-20T15:23:40","guid":{"rendered":"http:\/\/christinebesancon.fr\/?page_id=779"},"modified":"2019-11-02T22:18:08","modified_gmt":"2019-11-02T21:18:08","slug":"programme-partie-i-mes-propositions-pour-plus-dethique-en-politique","status":"publish","type":"page","link":"https:\/\/christinebesancon.fr\/?page_id=779","title":{"rendered":"PROGRAMME L\u00c9GISLATIVES 2017"},"content":{"rendered":"<p>PARTIE I &#8211; Mes propositions pour plus d&rsquo;Ethique en Politique :<br \/>\n<a href=\"http:\/\/christinebesancon.fr\/wp-content\/uploads\/2017\/02\/PROGRAMME-PARTIE-1-PDF.pdf\">http:\/\/christinebesancon.fr\/wp-content\/uploads\/2017\/02\/PROGRAMME-PARTIE-1-PDF.pdf<\/a><\/p>\n<p>PARTIE 2 &#8211; Mes propositions dans le social et l&#8217;emploi :<br \/>\n<a href=\"http:\/\/christinebesancon.fr\/wp-content\/uploads\/2017\/03\/Programme-partie-2-PDF.pdf\" target=\"_blank\" rel=\"noopener noreferrer\">http:\/\/christinebesancon.fr\/wp-content\/uploads\/2017\/03\/Programme-partie-2-PDF.pdf<\/a><\/p>\n<p>PARTIE 3 &#8211; Mes propositions dans la consommation :<br \/>\n<a href=\"http:\/\/christinebesancon.fr\/wp-content\/uploads\/2017\/03\/Programme-partie-3-PDF-Consommation.pdf\">http:\/\/christinebesancon.fr\/wp-content\/uploads\/2017\/03\/Programme-partie-3-PDF-Consommation.pdf<\/a><\/p>\n<p>PARTIE 4 &#8211; Mes propositions pour la S\u00e9curit\u00e9:<br \/>\n<a href=\"http:\/\/christinebesancon.fr\/wp-content\/uploads\/2017\/04\/Programme-partie-4-PDF-S\u00e9curit\u00e9.pdf\">http:\/\/christinebesancon.fr\/wp-content\/uploads\/2017\/04\/Programme-partie-4-PDF-S\u00e9curit\u00e9.pdf<\/a><\/p>\n<p>PARTIE 5 &#8211; Sant\u00e9 &amp; D\u00e9pendance :<br \/>\n<a href=\"http:\/\/christinebesancon.fr\/wp-content\/uploads\/2017\/05\/Programme-partie-5-PDF-Sant\u00e9-D\u00e9pendance.pdf\">Programme partie 5 PDF -Sant\u00e9 &amp; D\u00e9pendance<\/a><\/p>\n<p>PARTIE 6 &#8211; Environnement et Bien-\u00eatre animal :<br \/>\n<a href=\"http:\/\/christinebesancon.fr\/wp-content\/uploads\/2017\/05\/Partie-6-Environnement-et-Bien-Etre-animal-PDF.pdf\">Partie 6- Environnement et Bien-Etre animal PDF<\/a><\/p>\n","protected":false},"excerpt":{"rendered":"<p>PARTIE I &#8211; Mes propositions pour plus d&rsquo;Ethique en Politique : http:\/\/christinebesancon.fr\/wp-content\/uploads\/2017\/02\/PROGRAMME-PARTIE-1-PDF.pdf PARTIE 2 &#8211; Mes propositions dans le social et l&#8217;emploi : http:\/\/christinebesancon.fr\/wp-content\/uploads\/2017\/03\/Programme-partie-2-PDF.pdf PARTIE 3 &#8211; Mes propositions dans la consommation : http:\/\/christinebesancon.fr\/wp-content\/uploads\/2017\/03\/Programme-partie-3-PDF-Consommation.pdf PARTIE 4 &#8211; Mes propositions pour la S\u00e9curit\u00e9: http:\/\/christinebesancon.fr\/wp-content\/uploads\/2017\/04\/Programme-partie-4-PDF-S\u00e9curit\u00e9.pdf PARTIE 5 &#8211; Sant\u00e9 &amp; D\u00e9pendance : Programme partie 5 PDF -Sant\u00e9 <a class=\"moretag\" href=\"https:\/\/christinebesancon.fr\/?page_id=779\">En savoir plus<\/a><\/p>\n","protected":false},"author":2,"featured_media":0,"parent":0,"menu_order":0,"comment_status":"open","ping_status":"open","template":"","meta":[],"_links":{"self":[{"href":"https:\/\/christinebesancon.fr\/index.php?rest_route=\/wp\/v2\/pages\/779"}],"collection":[{"href":"https:\/\/christinebesancon.fr\/index.php?rest_route=\/wp\/v2\/pages"}],"about":[{"href":"https:\/\/christinebesancon.fr\/index.php?rest_route=\/wp\/v2\/types\/page"}],"author":[{"embeddable":true,"href":"https:\/\/christinebesancon.fr\/index.php?rest_route=\/wp\/v2\/users\/2"}],"replies":[{"embeddable":true,"href":"https:\/\/christinebesancon.fr\/index.php?rest_route=%2Fwp%2Fv2%2Fcomments&post=779"}],"version-history":[{"count":21,"href":"https:\/\/christinebesancon.fr\/index.php?rest_route=\/wp\/v2\/pages\/779\/revisions"}],"predecessor-version":[{"id":1147,"href":"https:\/\/christinebesancon.fr\/index.php?rest_route=\/wp\/v2\/pages\/779\/revisions\/1147"}],"wp:attachment":[{"href":"https:\/\/christinebesancon.fr\/index.php?rest_route=%2Fwp%2Fv2%2Fmedia&parent=779"}],"curies":[{"name":"wp","href":"https:\/\/api.w.org\/{rel}","templated":true}]}}