{"id":25,"date":"2013-12-03T16:09:55","date_gmt":"2013-12-03T15:09:55","guid":{"rendered":"http:\/\/christinebesancon.fr\/CBesancon\/?page_id=25"},"modified":"2016-05-20T12:13:54","modified_gmt":"2016-05-20T11:13:54","slug":"mentions-legales","status":"publish","type":"page","link":"https:\/\/christinebesancon.fr\/?page_id=25","title":{"rendered":"Mentions l\u00e9gales"},"content":{"rendered":"<p>Le site \u00ab\u00a0christinebesancon.fr\u00a0\u00bb est le blog de Christine Besan\u00e7on, Elue Municipale et Communautaire.<\/p>\n<p><i>\u00a0<\/i><\/p>\n<p>Pour le plus grand respect de votre vie priv\u00e9e, www.christinebesancon.fr traite toutes les informations vous concernant avec la plus stricte confidentialit\u00e9.<br \/>\nwww.christinebesancon.fr ne vend pas et ne loue pas les adresses (e-mails ou physiques) ni aucune autre information personnelle relative \u00e0 ses contacts.<\/p>\n<p>Le site www.christinebesancon.fr est \u00e9dit\u00e9 par la <a title=\"Agence de communication dans le Jura\" href=\"http:\/\/www.green-box.fr\" target=\"_blank\">SARL Green Box<\/a> au capital de 4500 euros immatricul\u00e9e au registre du commerce et des soci\u00e9t\u00e9s sous le num\u00e9ro siren\/siret : 523 255 503\/00014.<br \/>\nSi\u00e8ge social et bureaux situ\u00e9s au 31 rue Julien Feuvrier, 39100 Dole.<br \/>\nNum\u00e9ro de t\u00e9l\u00e9phone : 03.84.69.25.32 .<\/p>\n<p>Ce site est h\u00e9berg\u00e9 par : 1&amp;1 Internet SARL 7, place de la Gare BP 70109 57201 Sarreguemines Cedex SARL au capital de 100 000 EUR<br \/>\nRCS Sarreguemines B 431 303 775<br \/>\nSIRET 431 303 775 000 16<br \/>\nCode APE : 6201Z<br \/>\nIdentification intracommunautaire FR 13 431303775 Banque Populaire de Lorraine \u00e0 Sarreguemines<br \/>\nRIB : 14707 00010 08721005661 81<\/p>\n","protected":false},"excerpt":{"rendered":"<p>Le site \u00ab\u00a0christinebesancon.fr\u00a0\u00bb est le blog de Christine Besan\u00e7on, Elue Municipale et Communautaire. \u00a0 Pour le plus grand respect de votre vie priv\u00e9e, www.christinebesancon.fr traite toutes les informations vous concernant avec la plus stricte confidentialit\u00e9. www.christinebesancon.fr ne vend pas et ne loue pas les adresses (e-mails ou physiques) ni aucune autre information personnelle relative \u00e0 <a class=\"moretag\" href=\"https:\/\/christinebesancon.fr\/?page_id=25\">En savoir plus<\/a><\/p>\n","protected":false},"author":1,"featured_media":0,"parent":0,"menu_order":0,"comment_status":"open","ping_status":"open","template":"","meta":[],"_links":{"self":[{"href":"https:\/\/christinebesancon.fr\/index.php?rest_route=\/wp\/v2\/pages\/25"}],"collection":[{"href":"https:\/\/christinebesancon.fr\/index.php?rest_route=\/wp\/v2\/pages"}],"about":[{"href":"https:\/\/christinebesancon.fr\/index.php?rest_route=\/wp\/v2\/types\/page"}],"author":[{"embeddable":true,"href":"https:\/\/christinebesancon.fr\/index.php?rest_route=\/wp\/v2\/users\/1"}],"replies":[{"embeddable":true,"href":"https:\/\/christinebesancon.fr\/index.php?rest_route=%2Fwp%2Fv2%2Fcomments&post=25"}],"version-history":[{"count":4,"href":"https:\/\/christinebesancon.fr\/index.php?rest_route=\/wp\/v2\/pages\/25\/revisions"}],"predecessor-version":[{"id":650,"href":"https:\/\/christinebesancon.fr\/index.php?rest_route=\/wp\/v2\/pages\/25\/revisions\/650"}],"wp:attachment":[{"href":"https:\/\/christinebesancon.fr\/index.php?rest_route=%2Fwp%2Fv2%2Fmedia&parent=25"}],"curies":[{"name":"wp","href":"https:\/\/api.w.org\/{rel}","templated":true}]}}