{"id":2,"date":"2013-12-03T10:02:57","date_gmt":"2013-12-03T10:02:57","guid":{"rendered":"http:\/\/christinebesancon.fr\/CBesancon\/?page_id=2"},"modified":"2025-09-07T11:41:33","modified_gmt":"2025-09-07T10:41:33","slug":"page-d-exemple","status":"publish","type":"page","link":"https:\/\/christinebesancon.fr\/?page_id=2","title":{"rendered":"Christine Besan\u00e7on &#8211; Bio"},"content":{"rendered":"<p><a href=\"http:\/\/christinebesancon.fr\/wp-content\/uploads\/2013\/12\/Chris-5-2.jpg\"><img decoding=\"async\" loading=\"lazy\" class=\" wp-image-55 alignleft\" style=\"margin-left: 10px; margin-right: 10px;\" src=\"http:\/\/christinebesancon.fr\/wp-content\/uploads\/2013\/12\/Chris-5-2-207x300.jpg\" alt=\"Christine Besan\u00e7on\" width=\"166\" height=\"240\" srcset=\"https:\/\/christinebesancon.fr\/wp-content\/uploads\/2013\/12\/Chris-5-2-207x300.jpg 207w, https:\/\/christinebesancon.fr\/wp-content\/uploads\/2013\/12\/Chris-5-2-708x1024.jpg 708w, https:\/\/christinebesancon.fr\/wp-content\/uploads\/2013\/12\/Chris-5-2.jpg 764w\" sizes=\"(max-width: 166px) 100vw, 166px\" \/><\/a><\/p>\n<p>Les diff\u00e9rentes p\u00e9riodes de ma vie professionnelle et personnelle, furent rythm\u00e9es par la curiosit\u00e9 de conna\u00eetre, d\u2019apprendre, de rencontrer et de donner&#8230;<\/p>\n<p>Les difficult\u00e9s de la vie ont forg\u00e9 mon caract\u00e8re\u00a0!<\/p>\n<p>La vie m\u2019a fait aussi un merveilleux cadeau\u00a0: mes 6 enfants\u00a0!<\/p>\n<p>Ceci explique peut-\u00eatre que j\u2019ai envie de donner \u00e0 mes enfants et mes petits-enfants d\u2019autres perspectives d\u2019avenir, que celles qu\u2019ils ont aujourd\u2019hui\u00a0?!<\/p>\n<p>Je suis persuad\u00e9e que la Politique peut faire changer les choses\u00a0!<\/p>\n<p>A condition qu\u2019elle retrouve sa vocation originelle\u00a0: <strong>La Politique doit servir l\u2019Homme et non l\u2019asservir\u00a0!<\/strong><\/p>\n<p>&nbsp;<\/p>\n<p><strong>O\u00f9 est-ce que je puise toute mon \u00e9nergie\u00a0?<\/strong><\/p>\n<p>Dans les activit\u00e9s sportives, bien \u00e9videmment\u00a0: Cyclisme, natation, Course \u00e0 pied et randonn\u00e9es.<\/p>\n<p>L\u2019endurance indispensable dans la pratique du sport, m\u2019est aussi tr\u00e8s utile dans ma volont\u00e9 de faire de la politique autrement\u00a0!<\/p>\n<p>Mon investissement politique d\u00e9bute en 2010, au moment des \u00e9lections r\u00e9gionales, puis se poursuit l\u2019ann\u00e9e suivante pour les cantonales, o\u00f9 je fus candidate non \u00e9lue sur Dole. C&rsquo;est en 2014 que je m&rsquo;engage pour la campagne des Municipales \u00e0 Audincourt, o\u00f9 ma liste Divers droites, \u00a0obtient un score de 29.99% alors que 4 listes concouraient.<\/p>\n<p>L\u2019agression de ma fille dans le bus, fut un facteur d\u00e9terminant dans l\u2019engagement que j&rsquo;ai pris en acceptant de repr\u00e9senter une liste d\u2019opposition sur la commune d\u2019Audincourt.<\/p>\n<p>Il m\u2019est impossible d\u2019accepter cette violence et l\u2019omerta qui l\u2019entoure\u00a0!<\/p>\n<p><strong>Taire les faits, c\u2019est agresser une nouvelle fois les victimes\u00a0!<\/strong><\/p>\n<p>En 2015, \u00a0je rejoins Debout la France, pour les \u00e9lections r\u00e9gionales.<\/p>\n<p>En 2017 je me pr\u00e9sente aux Elections L\u00e9gislatives sur la 4\u00e8me circonscription du Doubs. Plus de 5 mois de campagne, sur le terrain en journ\u00e9e continue, aucune commune n&rsquo;a \u00e9t\u00e9 oubli\u00e9e, je suis all\u00e9e \u00e0 la rencontre des citoyens sur les 56 communes de la circo&#8230; Ceci personne d&rsquo;autre ne l&rsquo;a fait, c&rsquo;\u00e9tait bien la meilleure preuve de ma volont\u00e9 d&rsquo;une r\u00e9elle proximit\u00e9 avec les gens ! Et mon programme aurait m\u00e9rit\u00e9 que je puisse l&rsquo;appliquer. A la suite de cette campagne je quitte DLF, pour retrouver ma libert\u00e9, indispensable \u00e0 mon avis en politique.<\/p>\n<p>2020, je me pr\u00e9sente aux Municipales \u00e0 Audincourt, \u00e0 nouveau Divers Droites, un score d\u00e9cevant 14.1% au regard de mon engagement pour mes concitoyens depuis 6 ans en tant qu&rsquo;\u00e9lue d&rsquo;opposition.<\/p>\n<p>Quel dommage que les partis droite et gauche, qui ont gouvern\u00e9 depuis 40 ans, en pr\u00e9cipitant notre pays dans l&rsquo;ab\u00eeme, \u00a0aient encore attir\u00e9 autant d&rsquo;\u00e9lecteurs, et r\u00e9colt\u00e9s autant de voix&#8230;Alors qu&rsquo;ils sont totalement \u00e9clat\u00e9s !<\/p>\n<p>Comment peut-on attendre de ces \u00e9lus de la compr\u00e9hension, de l&rsquo;engagement personnel et humain, de l&rsquo;\u00e9coute ?<\/p>\n<p>Comment esp\u00e9rer que ces m\u00eames \u00e9lus comprennent le peuple, si ce peuple vote pour un parti, au lieu de voter pour une personne?!<\/p>\n<p>Quel dommage que nos concitoyens ne l&rsquo;aient pas encore compris&#8230;<\/p>\n<p>&nbsp;<\/p>\n<p>&nbsp;<\/p>\n","protected":false},"excerpt":{"rendered":"<p>Les diff\u00e9rentes p\u00e9riodes de ma vie professionnelle et personnelle, furent rythm\u00e9es par la curiosit\u00e9 de conna\u00eetre, d\u2019apprendre, de rencontrer et de donner&#8230; Les difficult\u00e9s de la vie ont forg\u00e9 mon caract\u00e8re\u00a0! La vie m\u2019a fait aussi un merveilleux cadeau\u00a0: mes 6 enfants\u00a0! Ceci explique peut-\u00eatre que j\u2019ai envie de donner \u00e0 mes enfants et mes <a class=\"moretag\" href=\"https:\/\/christinebesancon.fr\/?page_id=2\">En savoir plus<\/a><\/p>\n","protected":false},"author":1,"featured_media":0,"parent":0,"menu_order":0,"comment_status":"open","ping_status":"open","template":"","meta":[],"_links":{"self":[{"href":"https:\/\/christinebesancon.fr\/index.php?rest_route=\/wp\/v2\/pages\/2"}],"collection":[{"href":"https:\/\/christinebesancon.fr\/index.php?rest_route=\/wp\/v2\/pages"}],"about":[{"href":"https:\/\/christinebesancon.fr\/index.php?rest_route=\/wp\/v2\/types\/page"}],"author":[{"embeddable":true,"href":"https:\/\/christinebesancon.fr\/index.php?rest_route=\/wp\/v2\/users\/1"}],"replies":[{"embeddable":true,"href":"https:\/\/christinebesancon.fr\/index.php?rest_route=%2Fwp%2Fv2%2Fcomments&post=2"}],"version-history":[{"count":29,"href":"https:\/\/christinebesancon.fr\/index.php?rest_route=\/wp\/v2\/pages\/2\/revisions"}],"predecessor-version":[{"id":1699,"href":"https:\/\/christinebesancon.fr\/index.php?rest_route=\/wp\/v2\/pages\/2\/revisions\/1699"}],"wp:attachment":[{"href":"https:\/\/christinebesancon.fr\/index.php?rest_route=%2Fwp%2Fv2%2Fmedia&parent=2"}],"curies":[{"name":"wp","href":"https:\/\/api.w.org\/{rel}","templated":true}]}}